{"id":332,"date":"2021-05-17T15:21:21","date_gmt":"2021-05-17T15:21:21","guid":{"rendered":"http:\/\/stmedica.com\/?page_id=332"},"modified":"2021-09-29T09:06:00","modified_gmt":"2021-09-29T09:06:00","slug":"laserske-operacije-vena","status":"publish","type":"page","link":"https:\/\/stmedica.com\/en\/vaskularna-hirurgija\/laserske-operacije-vena\/","title":{"rendered":"Laserske operacije vena"},"content":{"rendered":"<p><div class=\"fusion-fullwidth fullwidth-box fusion-builder-row-1 fusion-flex-container fusion-parallax-none hundred-percent-fullwidth non-hundred-percent-height-scrolling\" style=\"background-color: rgba(255,255,255,0);background-image: url(&quot;http:\/\/stmedica.com\/wp-content\/uploads\/2021\/05\/laseri.jpg&quot;);background-image:linear-gradient(180deg, rgba(255,255,255,0.8) 0%,rgba(255,255,255,0.8) 100%),url(http:\/\/stmedica.com\/wp-content\/uploads\/2021\/05\/laseri.jpg);background-position: right center;background-repeat: no-repeat;border-width: 0px 0px 0px 0px;border-color:#e2e2e2;border-style:solid;-webkit-background-size:cover;-moz-background-size:cover;-o-background-size:cover;background-size:cover;\" ><div class=\"fusion-builder-row fusion-row fusion-flex-align-items-center fusion-flex-justify-content-center\" style=\"width:104% !important;max-width:104% !important;margin-left: calc(-4% \/ 2 );margin-right: calc(-4% \/ 2 );\"><div class=\"fusion-layout-column fusion_builder_column fusion-builder-column-0 fusion_builder_column_2_3 2_3 fusion-flex-column\"><div class=\"fusion-column-wrapper fusion-flex-justify-content-flex-start fusion-content-layout-column\" style=\"background-position:center center;background-repeat:no-repeat;-webkit-background-size:cover;-moz-background-size:cover;-o-background-size:cover;background-size:cover;padding: 0px 0px 0px 0px;\"><style type=\"text\/css\">.fusion-breadcrumbs.fusion-breadcrumbs-1{font-size:14px;}.fusion-breadcrumbs.fusion-breadcrumbs-1 span a:hover{color:#d93295 !important;}.fusion-breadcrumbs.fusion-breadcrumbs-1{color:#555555;}.fusion-breadcrumbs.fusion-breadcrumbs-1 a{color:#555555;}<\/style><div class=\"fusion-breadcrumbs fusion-breadcrumbs-1\" style=\"margin-bottom:20px;text-align:center;\"><span class=\"fusion-breadcrumb-item\"><a href=\"https:\/\/stmedica.com\/en\" class=\"fusion-breadcrumb-link\"><span >Home<\/span><\/a><\/span><span class=\"fusion-breadcrumb-sep\">|<\/span><\/div><div class=\"fusion-text fusion-text-1\" style=\"text-align:center;\"><h1>Laserske operacije vena<\/h1>\n<\/div><\/div><style type=\"text\/css\">.fusion-body .fusion-builder-column-0{width:66.666666666667% !important;margin-top : 0px;margin-bottom : 0px;}.fusion-builder-column-0 > .fusion-column-wrapper {padding-top : 0px !important;padding-right : 0px !important;margin-right : 0px;padding-bottom : 0px !important;padding-left : 0px !important;margin-left : 0px;}@media only screen and (max-width:1024px) {.fusion-body .fusion-builder-column-0{width:66.666666666667% !important;order : 0;}.fusion-builder-column-0 > .fusion-column-wrapper {margin-right : 0px;margin-left : 0px;}}@media only screen and (max-width:640px) {.fusion-body .fusion-builder-column-0{width:100% !important;order : 0;}.fusion-builder-column-0 > .fusion-column-wrapper {margin-right : 1.92%;margin-left : 1.92%;}}<\/style><\/div><\/div><style type=\"text\/css\">.fusion-body .fusion-flex-container.fusion-builder-row-1{ padding-top : 6%;margin-top : 0px;padding-right : 30px;padding-bottom : 6%;margin-bottom : 0px;padding-left : 30px;min-height:130px;}<\/style><\/div><div class=\"fusion-fullwidth fullwidth-box fusion-builder-row-2 fusion-flex-container nonhundred-percent-fullwidth non-hundred-percent-height-scrolling\" style=\"background-color: rgba(255,255,255,0);background-position: center center;background-repeat: no-repeat;border-width: 0px 0px 0px 0px;border-color:#e2e2e2;border-style:solid;\" ><div class=\"fusion-builder-row fusion-row fusion-flex-align-items-stretch\" style=\"max-width:104%;margin-left: calc(-4% \/ 2 );margin-right: calc(-4% \/ 2 );\"><div class=\"fusion-layout-column fusion_builder_column fusion-builder-column-1 fusion_builder_column_1_1 1_1 fusion-flex-column\"><div class=\"fusion-column-wrapper fusion-flex-justify-content-flex-start fusion-content-layout-column\" style=\"background-position:left top;background-repeat:no-repeat;-webkit-background-size:cover;-moz-background-size:cover;-o-background-size:cover;background-size:cover;padding: 0px 0px 0px 0px;\"><div class=\"fusion-text fusion-text-2\" style=\"text-align:left;color:#d93295;\"><p><strong>Bolnica ST Medica<\/strong><\/p>\n<\/div><div class=\"fusion-text fusion-text-3\" style=\"font-size:22px;font-family:&quot;Poppins&quot;;\"><p>Lasersko le\u010denje vena je jedna od najmladjih, najsavremenijih, izuzetno efikasnih metoda, sa preko 98% uspe\u0161nosti le\u010denja i sa minimumom komplikacija.<\/p>\n<\/div><\/div><style type=\"text\/css\">.fusion-body .fusion-builder-column-1{width:100% !important;margin-top : 0px;margin-bottom : 20px;}.fusion-builder-column-1 > .fusion-column-wrapper {padding-top : 0px !important;padding-right : 0px !important;margin-right : 1.92%;padding-bottom : 0px !important;padding-left : 0px !important;margin-left : 1.92%;}@media only screen and (max-width:1024px) {.fusion-body .fusion-builder-column-1{width:100% !important;order : 0;}.fusion-builder-column-1 > .fusion-column-wrapper {margin-right : 1.92%;margin-left : 1.92%;}}@media only screen and (max-width:640px) {.fusion-body .fusion-builder-column-1{width:100% !important;order : 0;}.fusion-builder-column-1 > .fusion-column-wrapper {margin-right : 1.92%;margin-left : 1.92%;}}<\/style><\/div><div class=\"fusion-layout-column fusion_builder_column fusion-builder-column-2 fusion_builder_column_2_3 2_3 fusion-flex-column\"><div class=\"fusion-column-wrapper fusion-flex-justify-content-flex-start fusion-content-layout-column\" style=\"background-position:left top;background-repeat:no-repeat;-webkit-background-size:cover;-moz-background-size:cover;-o-background-size:cover;background-size:cover;padding: 0px 0px 0px 0px;\"><div class=\"fusion-text fusion-text-4\" style=\"text-align:left;\"><p>Endovenski laserski tretman (EVLA) je minimalno invazivna procedura za le\u010denje pro\u0161irenih vena. Princip rada su savremene minimalno invazivne procedure, koje garantuju najbolji mogu\u0107i rezultat uz minimalnu traumu za pacijenta.<\/p>\n<\/div><div class=\"fusion-separator fusion-full-width-sep\" style=\"align-self: center;margin-left: auto;margin-right: auto;margin-top:10px;margin-bottom:40px;width:100%;\"><div class=\"fusion-separator-border sep-single sep-solid\" style=\"border-color:#e2e2e2;border-top-width:1px;\"><\/div><\/div><div class=\"fusion-text fusion-text-5\" style=\"text-align:left;\"><p><strong>Prednosti laserskog endovenskog tretmana u odnosu na klasi\u010dno hirur\u0161ko le\u010denje su:<\/p>\n<\/div><ul class=\"fusion-checklist fusion-checklist-1\" style=\"font-size:16px;line-height:27.2px;\"><li class=\"fusion-li-item\"><span style=\"height:27.2px;width:27.2px;margin-right:11.2px;\" class=\"icon-wrapper circle-no\"><i class=\"fusion-li-icon fa-circle fas\" style=\"color:#d93295;\" aria-hidden=\"true\"><\/i><\/span><div class=\"fusion-li-item-content\" style=\"margin-left:38.4px;\">Nije potrebna hospitalizacija<\/div><\/li><li class=\"fusion-li-item\"><span style=\"height:27.2px;width:27.2px;margin-right:11.2px;\" class=\"icon-wrapper circle-no\"><i class=\"fusion-li-icon fa-circle fas\" style=\"color:#d93295;\" aria-hidden=\"true\"><\/i><\/span><div class=\"fusion-li-item-content\" style=\"margin-left:38.4px;\">Manji rizik od komplikacija<\/div><\/li><li class=\"fusion-li-item\"><span style=\"height:27.2px;width:27.2px;margin-right:11.2px;\" class=\"icon-wrapper circle-no\"><i class=\"fusion-li-icon fa-circle fas\" style=\"color:#d93295;\" aria-hidden=\"true\"><\/i><\/span><div class=\"fusion-li-item-content\" style=\"margin-left:38.4px;\">Operacija se izvodi u lokalnoj anesteziji \u010dime se izbagava rizik op\u0161te i regionalne anestezije koja je potrebna pri klasi\u010dnom hirur\u0161kom le\u010denju<\/div><\/li><li class=\"fusion-li-item\"><span style=\"height:27.2px;width:27.2px;margin-right:11.2px;\" class=\"icon-wrapper circle-no\"><i class=\"fusion-li-icon fa-circle fas\" style=\"color:#d93295;\" aria-hidden=\"true\"><\/i><\/span><div class=\"fusion-li-item-content\" style=\"margin-left:38.4px;\">Odli\u010dan kozmetski efekat<\/div><\/li><li class=\"fusion-li-item\"><span style=\"height:27.2px;width:27.2px;margin-right:11.2px;\" class=\"icon-wrapper circle-no\"><i class=\"fusion-li-icon fa-circle fas\" style=\"color:#d93295;\" aria-hidden=\"true\"><\/i><\/span><div class=\"fusion-li-item-content\" style=\"margin-left:38.4px;\">Prakti\u010dno bezbolan postoperativni oporavak<\/div><\/li><li class=\"fusion-li-item\"><span style=\"height:27.2px;width:27.2px;margin-right:11.2px;\" class=\"icon-wrapper circle-no\"><i class=\"fusion-li-icon fa-circle fas\" style=\"color:#d93295;\" aria-hidden=\"true\"><\/i><\/span><div class=\"fusion-li-item-content\" style=\"margin-left:38.4px;\">Brzo vra\u0107anje u redovne dnevne aktivnosti<\/div><\/li><\/ul><\/div><style type=\"text\/css\">.fusion-body .fusion-builder-column-2{width:66.666666666667% !important;margin-top : 0px;margin-bottom : 20px;}.fusion-builder-column-2 > .fusion-column-wrapper {padding-top : 0px !important;padding-right : 0px !important;margin-right : 2.88%;padding-bottom : 0px !important;padding-left : 0px !important;margin-left : 2.88%;}@media only screen and (max-width:1024px) {.fusion-body .fusion-builder-column-2{width:66.666666666667% !important;order : 0;}.fusion-builder-column-2 > .fusion-column-wrapper {margin-right : 2.88%;margin-left : 2.88%;}}@media only screen and (max-width:640px) {.fusion-body .fusion-builder-column-2{width:100% !important;order : 0;}.fusion-builder-column-2 > .fusion-column-wrapper {margin-right : 1.92%;margin-left : 1.92%;}}<\/style><\/div><div class=\"fusion-layout-column fusion_builder_column fusion-builder-column-3 fusion_builder_column_1_3 1_3 fusion-flex-column fusion-flex-align-self-stretch\"><div class=\"fusion-column-wrapper fusion-flex-justify-content-flex-start fusion-content-layout-column fusion-empty-dims-bg-image\" style=\"background-image: url(&#039;http:\/\/stmedica.com\/wp-content\/uploads\/2021\/05\/laseri.jpg&#039;);background-position:right center;background-repeat:no-repeat;-webkit-background-size:cover;-moz-background-size:cover;-o-background-size:cover;background-size:cover;padding: 0px 0px 0px 0px;\" data-bg-url=\"http:\/\/stmedica.com\/wp-content\/uploads\/2021\/05\/laseri.jpg\"><div class=\"fusion-separator fusion-full-width-sep\" style=\"align-self: center;margin-left: auto;margin-right: auto;margin-top:100%;width:100%;\"><\/div><\/div><style type=\"text\/css\">.fusion-body .fusion-builder-column-3{width:33.333333333333% !important;margin-top : 0px;margin-bottom : 20px;}.fusion-builder-column-3 > .fusion-column-wrapper {padding-top : 0px !important;padding-right : 0px !important;margin-right : 5.76%;padding-bottom : 0px !important;padding-left : 0px !important;margin-left : 5.76%;}@media only screen and (max-width:1024px) {.fusion-body .fusion-builder-column-3{width:33.333333333333% !important;order : 0;}.fusion-builder-column-3 > .fusion-column-wrapper {margin-right : 5.76%;margin-left : 5.76%;}}@media only screen and (min-width:1024px) {.fusion-body .fusion-builder-column-3 .fusion-empty-dims-img-placeholder { display: none; }}@media only screen and (max-width:640px) {.fusion-body .fusion-builder-column-3{width:100% !important;order : 0;}.fusion-builder-column-3 > .fusion-column-wrapper {margin-right : 1.92%;margin-left : 1.92%;}}<\/style><\/div><div class=\"fusion-layout-column fusion_builder_column fusion-builder-column-4 fusion_builder_column_1_1 1_1 fusion-flex-column\"><div class=\"fusion-column-wrapper fusion-flex-justify-content-flex-start fusion-content-layout-column\" style=\"background-position:left top;background-repeat:no-repeat;-webkit-background-size:cover;-moz-background-size:cover;-o-background-size:cover;background-size:cover;padding: 0px 0px 0px 0px;\"><div class=\"fusion-separator fusion-full-width-sep\" style=\"align-self: center;margin-left: auto;margin-right: auto;margin-top:40px;margin-bottom:40px;width:100%;\"><div class=\"fusion-separator-border sep-single sep-solid\" style=\"border-color:#e2e2e2;border-top-width:1px;\"><\/div><\/div><div class=\"fusion-text fusion-text-6\" style=\"text-align:left;\"><p><span style=\"font-weight: normal;\">Operacija se izvodi u lokalnoj anaesteziji. Nakon operacije \u0107ete po\u010deti da hodate, preporu\u010dujemo \u0161etnju od 10-15 min odmah nakon operacije. U daljem toku oporavka preporu\u010dujemo nekoliko puta dnevno po pola sata hoda.<\/span><\/p>\n<p><span style=\"font-weight: normal;\">Ve\u0107ina ne\u017eeljenih efekata su prolaznog karaktera, crevenilo bol u preponi u butini kao rezultat toplotnog efekta lasera. Bol je najizra\u017eeniji 3-5 dana nakon operacije. Sve ove vrste problema nestaju u narednih nekoliko dana. U poredjenju sa klasi\u010dnom operacijom (striping) sve navedene pojave su minorne, prose\u010dna koli\u010dina i obim tih pojava puno manji dok je oporavak mnogostruko br\u017ei.<\/span><\/p>\n<p><span style=\"font-weight: normal;\">Postoji velika zabluda da se vene ne le\u010de u letnjim mesecima, i u tropskim predelima se bolesnici le\u010de od pro\u0161irenih vena. Zahvaljuju\u0107i minimalno invazivnoj proceduri, lasersko le\u010denje vena se mo\u017ee raditi i u letnjim mesecima.<\/span><\/p>\n<\/div><\/div><style type=\"text\/css\">.fusion-body .fusion-builder-column-4{width:100% !important;margin-top : 0px;margin-bottom : 20px;}.fusion-builder-column-4 > .fusion-column-wrapper {padding-top : 0px !important;padding-right : 0px !important;margin-right : 1.92%;padding-bottom : 0px !important;padding-left : 0px !important;margin-left : 1.92%;}@media only screen and (max-width:1024px) {.fusion-body .fusion-builder-column-4{width:100% !important;order : 0;}.fusion-builder-column-4 > .fusion-column-wrapper {margin-right : 1.92%;margin-left : 1.92%;}}@media only screen and (max-width:640px) {.fusion-body .fusion-builder-column-4{width:100% !important;order : 0;}.fusion-builder-column-4 > .fusion-column-wrapper {margin-right : 1.92%;margin-left : 1.92%;}}<\/style><\/div><\/div><style type=\"text\/css\">.fusion-body .fusion-flex-container.fusion-builder-row-2{ padding-top : 6%;margin-top : 0px;padding-right : 30px;padding-bottom : 6%;margin-bottom : 0px;padding-left : 30px;}@media only screen and (max-width:640px) {.fusion-body .fusion-flex-container.fusion-builder-row-2{ padding-top : 12%;padding-bottom : 12%;}}<\/style><\/div><div class=\"fusion-fullwidth fullwidth-box fusion-builder-row-3 fusion-flex-container nonhundred-percent-fullwidth non-hundred-percent-height-scrolling\" style=\"background-color: #f8f8fa;background-position: center center;background-repeat: no-repeat;border-width: 0px 0px 0px 0px;border-color:#e2e2e2;border-style:solid;\" ><div class=\"fusion-builder-row fusion-row fusion-flex-align-items-flex-start fusion-flex-justify-content-center\" style=\"max-width:104%;margin-left: calc(-4% \/ 2 );margin-right: calc(-4% \/ 2 );\"><div class=\"fusion-layout-column fusion_builder_column fusion-builder-column-5 fusion_builder_column_1_1 1_1 fusion-flex-column\"><div class=\"fusion-column-wrapper fusion-flex-justify-content-flex-start fusion-content-layout-column\" style=\"background-position:left top;background-repeat:no-repeat;-webkit-background-size:cover;-moz-background-size:cover;-o-background-size:cover;background-size:cover;padding: 0px 0px 0px 0px;\"><div class=\"fusion-text fusion-text-7 fusion-text-no-margin\" style=\"text-align:center;color:#d93295;\"><p><strong>SPECIJALISTI OP\u0160TE HIRURGIJE<\/strong><\/p>\n<\/div><style type=\"text\/css\">@media only screen and (max-width:1024px) {.fusion-title.fusion-title-1{margin-top:5%!important; margin-right:0px!important;margin-bottom:10%!important;margin-left:0px!important;}}@media only screen and (max-width:640px) {.fusion-title.fusion-title-1{margin-top:10px!important; margin-right:0px!important;margin-bottom:10px!important; margin-left:0px!important;}}<\/style><div class=\"fusion-title title fusion-title-1 fusion-sep-none fusion-title-center fusion-title-text fusion-title-size-two\" style=\"margin-top:5%;margin-right:0px;margin-bottom:10%;margin-left:0px;\"><h2 class=\"title-heading-center fusion-responsive-typography-calculated\" style=\"margin:0;--fontSize:48;line-height:1.2;\">Stru\u010dni tim<\/h2><\/div><\/div><style type=\"text\/css\">.fusion-body .fusion-builder-column-5{width:100% !important;margin-top : 0px;margin-bottom : 20px;}.fusion-builder-column-5 > .fusion-column-wrapper {padding-top : 0px !important;padding-right : 0px !important;margin-right : 1.92%;padding-bottom : 0px !important;padding-left : 0px !important;margin-left : 1.92%;}@media only screen and (max-width:1024px) {.fusion-body .fusion-builder-column-5{width:100% !important;order : 0;}.fusion-builder-column-5 > .fusion-column-wrapper {margin-right : 1.92%;margin-left : 1.92%;}}@media only screen and (max-width:640px) {.fusion-body .fusion-builder-column-5{width:100% !important;order : 0;}.fusion-builder-column-5 > .fusion-column-wrapper {margin-right : 1.92%;margin-left : 1.92%;}}<\/style><\/div><div class=\"fusion-layout-column fusion_builder_column fusion-builder-column-6 fusion_builder_column_1_2 1_2 fusion-flex-column\"><div class=\"fusion-column-wrapper fusion-column-has-shadow fusion-flex-justify-content-center fusion-content-layout-column\" style=\"background-position:left top;background-repeat:no-repeat;-webkit-background-size:cover;-moz-background-size:cover;-o-background-size:cover;background-size:cover;border-radius:20px 20px 20px 20px;background-color:#ffffff;border-radius:20px 20px 20px 20px;overflow:hidden;box-shadow:2px 2px 10px 0px #dbdbdb;;padding: 30px 30px 30px 30px;\"><div class=\"fusion-builder-row fusion-builder-row-inner fusion-row fusion-flex-align-items-flex-start fusion-flex-justify-content-center\" style=\"width:104% !important;max-width:104% !important;margin-left: calc(-4% \/ 2 );margin-right: calc(-4% \/ 2 );\"><div class=\"fusion-layout-column fusion_builder_column_inner fusion-builder-nested-column-0 fusion_builder_column_inner_2_5 2_5 fusion-flex-column\"><div class=\"fusion-column-wrapper fusion-flex-justify-content-flex-start fusion-content-layout-column\" style=\"background-position:left top;background-repeat:no-repeat;-webkit-background-size:cover;-moz-background-size:cover;-o-background-size:cover;background-size:cover;padding: 0px 0px 0px 0px;\"><div ><span class=\"fusion-imageframe imageframe-none imageframe-1 hover-type-none\"><img decoding=\"async\" width=\"300\" height=\"300\" title=\"Momir-\u0160arac\" src=\"http:\/\/stmedica.com\/wp-content\/uploads\/2021\/09\/Momir-Sarac-300x300.jpg\" class=\"img-responsive wp-image-594\" srcset=\"https:\/\/stmedica.com\/wp-content\/uploads\/2021\/09\/Momir-Sarac-200x200.jpg 200w, https:\/\/stmedica.com\/wp-content\/uploads\/2021\/09\/Momir-Sarac-400x400.jpg 400w, https:\/\/stmedica.com\/wp-content\/uploads\/2021\/09\/Momir-Sarac.jpg 600w\" sizes=\"(max-width: 640px) 100vw, 300px\" \/><\/span><\/div><\/div><style type=\"text\/css\">.fusion-body .fusion-builder-nested-column-0{width:40% !important;margin-top : 0px;margin-bottom : 20px;}.fusion-builder-nested-column-0 > .fusion-column-wrapper {padding-top : 0px !important;padding-right : 0px !important;margin-right : 4.8%;padding-bottom : 0px !important;padding-left : 0px !important;margin-left : 4.8%;}@media only screen and (max-width:1024px) {.fusion-body .fusion-builder-nested-column-0{width:40% !important;order : 0;}.fusion-builder-nested-column-0 > .fusion-column-wrapper {margin-right : 4.8%;margin-left : 4.8%;}}@media only screen and (max-width:640px) {.fusion-body .fusion-builder-nested-column-0{width:100% !important;order : 0;}.fusion-builder-nested-column-0 > .fusion-column-wrapper {margin-right : 1.92%;margin-left : 1.92%;}}<\/style><\/div><div class=\"fusion-layout-column fusion_builder_column_inner fusion-builder-nested-column-1 fusion_builder_column_inner_3_5 3_5 fusion-flex-column fusion-flex-align-self-center\"><div class=\"fusion-column-wrapper fusion-flex-justify-content-center fusion-content-layout-block\" style=\"background-position:left top;background-repeat:no-repeat;-webkit-background-size:cover;-moz-background-size:cover;-o-background-size:cover;background-size:cover;padding: 0px 0px 0px 0px;\"><style type=\"text\/css\"><\/style><div class=\"fusion-title title fusion-title-2 fusion-sep-none fusion-title-text fusion-title-size-three\" style=\"margin-top:5%;margin-right:0px;margin-bottom:10%;margin-left:0px;\"><h3 class=\"title-heading-left fusion-responsive-typography-calculated\" style=\"margin:0;color:#d93295;--fontSize:24;line-height:1.2;\">Dr Momir \u0160arac<\/h3><\/div><div class=\"fusion-separator fusion-full-width-sep\" style=\"align-self: center;margin-left: auto;margin-right: auto;margin-top:10px;margin-bottom:20px;width:100%;\"><div class=\"fusion-separator-border sep-single sep-solid\" style=\"border-color:#e2e2e2;border-top-width:1px;\"><\/div><\/div><div class=\"fusion-text fusion-text-8\" style=\"text-align:left;\"><p>Vaskularni hirurg<\/p>\n<\/div><\/div><style type=\"text\/css\">.fusion-body .fusion-builder-nested-column-1{width:60% !important;margin-top : 0px;margin-bottom : 20px;}.fusion-builder-nested-column-1 > .fusion-column-wrapper {padding-top : 0px !important;padding-right : 0px !important;margin-right : 3.2%;padding-bottom : 0px !important;padding-left : 0px !important;margin-left : 3.2%;}@media only screen and (max-width:1024px) {.fusion-body .fusion-builder-nested-column-1{width:60% !important;order : 0;}.fusion-builder-nested-column-1 > .fusion-column-wrapper {margin-right : 3.2%;margin-left : 3.2%;}}@media only screen and (max-width:640px) {.fusion-body .fusion-builder-nested-column-1{width:100% !important;order : 0;}.fusion-builder-nested-column-1 > .fusion-column-wrapper {margin-right : 1.92%;margin-left : 1.92%;}}<\/style><\/div><\/div><\/div><style type=\"text\/css\">.fusion-body .fusion-builder-column-6{width:50% !important;margin-top : 10px;margin-bottom : 10px;}.fusion-builder-column-6 > .fusion-column-wrapper {padding-top : 30px !important;padding-right : 30px !important;margin-right : 10px;padding-bottom : 30px !important;padding-left : 30px !important;margin-left : 10px;}@media only screen and (max-width:1024px) {.fusion-body .fusion-builder-column-6{width:50% !important;order : 0;}.fusion-builder-column-6 > .fusion-column-wrapper {margin-right : 10px;margin-left : 10px;}}@media only screen and (max-width:640px) {.fusion-body .fusion-builder-column-6{width:100% !important;order : 0;}.fusion-builder-column-6 > .fusion-column-wrapper {margin-right : 1.92%;margin-left : 1.92%;}}<\/style><\/div><\/div><style type=\"text\/css\">.fusion-body .fusion-flex-container.fusion-builder-row-3{ padding-top : 6%;margin-top : 0px;padding-right : 30px;padding-bottom : 6%;margin-bottom : 0px;padding-left : 30px;}@media only screen and (max-width:640px) {.fusion-body .fusion-flex-container.fusion-builder-row-3{ padding-top : 12%;padding-bottom : 12%;}}<\/style><\/div><\/p>","protected":false},"excerpt":{"rendered":"","protected":false},"author":1,"featured_media":0,"parent":378,"menu_order":0,"comment_status":"closed","ping_status":"closed","template":"100-width.php","meta":{"inline_featured_image":false,"footnotes":""},"class_list":["post-332","page","type-page","status-publish","hentry"],"_links":{"self":[{"href":"https:\/\/stmedica.com\/en\/wp-json\/wp\/v2\/pages\/332","targetHints":{"allow":["GET"]}}],"collection":[{"href":"https:\/\/stmedica.com\/en\/wp-json\/wp\/v2\/pages"}],"about":[{"href":"https:\/\/stmedica.com\/en\/wp-json\/wp\/v2\/types\/page"}],"author":[{"embeddable":true,"href":"https:\/\/stmedica.com\/en\/wp-json\/wp\/v2\/users\/1"}],"replies":[{"embeddable":true,"href":"https:\/\/stmedica.com\/en\/wp-json\/wp\/v2\/comments?post=332"}],"version-history":[{"count":11,"href":"https:\/\/stmedica.com\/en\/wp-json\/wp\/v2\/pages\/332\/revisions"}],"predecessor-version":[{"id":695,"href":"https:\/\/stmedica.com\/en\/wp-json\/wp\/v2\/pages\/332\/revisions\/695"}],"up":[{"embeddable":true,"href":"https:\/\/stmedica.com\/en\/wp-json\/wp\/v2\/pages\/378"}],"wp:attachment":[{"href":"https:\/\/stmedica.com\/en\/wp-json\/wp\/v2\/media?parent=332"}],"curies":[{"name":"wp","href":"https:\/\/api.w.org\/{rel}","templated":true}]}}