{"id":42,"date":"2021-05-12T08:20:39","date_gmt":"2021-05-12T08:20:39","guid":{"rendered":"http:\/\/stmedica.com\/?page_id=42"},"modified":"2021-05-18T15:35:24","modified_gmt":"2021-05-18T15:35:24","slug":"aktuelnosti","status":"publish","type":"page","link":"https:\/\/stmedica.com\/en\/bolnica\/aktuelnosti\/","title":{"rendered":"Aktuelnosti"},"content":{"rendered":"<p><div class=\"fusion-fullwidth fullwidth-box fusion-builder-row-1 fusion-flex-container fusion-parallax-none hundred-percent-fullwidth non-hundred-percent-height-scrolling\" style=\"background-color: rgba(255,255,255,0);background-image: url(&quot;http:\/\/stmedica.com\/wp-content\/uploads\/2021\/05\/asimetrija.jpg&quot;);background-image:linear-gradient(180deg, rgba(255,255,255,0.85) 0%,rgba(255,255,255,0.85) 100%),url(http:\/\/stmedica.com\/wp-content\/uploads\/2021\/05\/asimetrija.jpg);background-position: center center;background-repeat: no-repeat;border-width: 0px 0px 0px 0px;border-color:#e2e2e2;border-style:solid;-webkit-background-size:cover;-moz-background-size:cover;-o-background-size:cover;background-size:cover;\" ><div class=\"fusion-builder-row fusion-row fusion-flex-align-items-center fusion-flex-justify-content-center\" style=\"width:104% !important;max-width:104% !important;margin-left: calc(-4% \/ 2 );margin-right: calc(-4% \/ 2 );\"><div class=\"fusion-layout-column fusion_builder_column fusion-builder-column-0 fusion_builder_column_2_3 2_3 fusion-flex-column\"><div class=\"fusion-column-wrapper fusion-flex-justify-content-flex-start fusion-content-layout-column\" style=\"background-position:center center;background-repeat:no-repeat;-webkit-background-size:cover;-moz-background-size:cover;-o-background-size:cover;background-size:cover;padding: 0px 0px 0px 0px;\"><style type=\"text\/css\">.fusion-breadcrumbs.fusion-breadcrumbs-1{font-size:14px;}.fusion-breadcrumbs.fusion-breadcrumbs-1 span a:hover{color:#d93295 !important;}.fusion-breadcrumbs.fusion-breadcrumbs-1{color:#555555;}.fusion-breadcrumbs.fusion-breadcrumbs-1 a{color:#555555;}<\/style><div class=\"fusion-breadcrumbs fusion-breadcrumbs-1\" style=\"margin-bottom:20px;text-align:center;\"><span class=\"fusion-breadcrumb-item\"><a href=\"https:\/\/stmedica.com\/en\" class=\"fusion-breadcrumb-link\"><span >Home<\/span><\/a><\/span><span class=\"fusion-breadcrumb-sep\">|<\/span><\/div><div class=\"fusion-text fusion-text-1\" style=\"text-align:center;\"><h1 data-fontsize=\"54\" data-lineheight=\"62.64px\" class=\"fusion-responsive-typography-calculated\" style=\"--fontSize:54; line-height: 1.16;\">Aktuelnosti<\/h1>\n<\/div><\/div><style type=\"text\/css\">.fusion-body .fusion-builder-column-0{width:66.666666666667% !important;margin-top : 0px;margin-bottom : 0px;}.fusion-builder-column-0 > .fusion-column-wrapper {padding-top : 0px !important;padding-right : 0px !important;margin-right : 0px;padding-bottom : 0px !important;padding-left : 0px !important;margin-left : 0px;}@media only screen and (max-width:1024px) {.fusion-body .fusion-builder-column-0{width:66.666666666667% !important;order : 0;}.fusion-builder-column-0 > .fusion-column-wrapper {margin-right : 0px;margin-left : 0px;}}@media only screen and (max-width:640px) {.fusion-body .fusion-builder-column-0{width:100% !important;order : 0;}.fusion-builder-column-0 > .fusion-column-wrapper {margin-right : 1.92%;margin-left : 1.92%;}}<\/style><\/div><\/div><style type=\"text\/css\">.fusion-body .fusion-flex-container.fusion-builder-row-1{ padding-top : 6%;margin-top : 0px;padding-right : 30px;padding-bottom : 6%;margin-bottom : 0px;padding-left : 30px;min-height:130px;}<\/style><\/div><div class=\"fusion-fullwidth fullwidth-box fusion-builder-row-2 fusion-flex-container nonhundred-percent-fullwidth non-hundred-percent-height-scrolling\" style=\"background-color: #f8f8fa;background-position: center center;background-repeat: no-repeat;border-width: 0px 0px 0px 0px;border-color:#e2e2e2;border-style:solid;\" ><div class=\"fusion-builder-row fusion-row fusion-flex-align-items-flex-start\" style=\"max-width:104%;margin-left: calc(-4% \/ 2 );margin-right: calc(-4% \/ 2 );\"><div class=\"fusion-layout-column fusion_builder_column fusion-builder-column-1 fusion_builder_column_1_1 1_1 fusion-flex-column\"><div class=\"fusion-column-wrapper fusion-flex-justify-content-flex-start fusion-content-layout-column\" style=\"background-position:left top;background-repeat:no-repeat;-webkit-background-size:cover;-moz-background-size:cover;-o-background-size:cover;background-size:cover;padding: 0px 0px 0px 0px;\"><div class=\"fusion-blog-shortcode fusion-blog-shortcode-1 fusion-blog-archive fusion-blog-layout-grid-wrapper fusion-blog-no\"><style type=\"text\/css\">.fusion-blog-shortcode-1 .fusion-blog-layout-grid .fusion-post-grid{padding:20px;}.fusion-blog-shortcode-1 .fusion-posts-container{margin-left: -20px !important; margin-right:-20px !important;}<\/style><div class=\"fusion-posts-container fusion-posts-container-no fusion-blog-rollover fusion-blog-layout-grid fusion-blog-layout-grid-3 isotope fusion-blog-equal-heights\" data-pages=\"1\" data-grid-col-space=\"40\" style=\"margin: -20px -20px 0;min-height:500px;\"><article id=\"blog-1-post-174\" class=\"fusion-post-grid post-174 post type-post status-publish format-standard hentry category-st-medica tag-bbc tag-prof-dr-miroslav-djordjevic\">\n<div class=\"fusion-post-wrapper\" style=\"background-color:rgba(255,255,255,1);border:1px solid #f2f3f5;border-bottom-width:3px;\">\n\n<div class=\"fusion-post-content-wrapper\" style=\"padding:30px 25px 25px 25px;\"><div class=\"fusion-post-content post-content\"><h2 class=\"blog-shortcode-post-title entry-title\"><a href=\"https:\/\/stmedica.com\/en\/bbc-o-dr-djordjevicu\/\">BBC o Dr. \u0110or\u0111evi\u0107u<\/a><\/h2><p class=\"fusion-single-line-meta\"><span class=\"vcard\" style=\"display: none;\"><span class=\"fn\"><a href=\"https:\/\/stmedica.com\/en\/author\/ercegsrdjan93gmail-com\/\" title=\"Posts by ercegsrdjan93@gmail.com\" rel=\"author\">ercegsrdjan93@gmail.com<\/a><\/span><\/span><span class=\"updated\" style=\"display:none;\">2021-09-06T14:58:32+00:00<\/span><span>May 12, 2021<\/span><span class=\"fusion-inline-sep\">|<\/span>Categories: <a href=\"https:\/\/stmedica.com\/en\/category\/st-medica\/\" rel=\"category tag\">ST Medica<\/a><span class=\"fusion-inline-sep\">|<\/span><span class=\"meta-tags\">Tags: <a href=\"https:\/\/stmedica.com\/en\/tag\/bbc\/\" rel=\"tag\">BBC<\/a>, <a href=\"https:\/\/stmedica.com\/en\/tag\/prof-dr-miroslav-djordjevic\/\" rel=\"tag\">Prof. dr Miroslav \u0110or\u0111evi\u0107<\/a><\/span><span class=\"fusion-inline-sep\">|<\/span><\/p><div class=\"fusion-content-sep sep-single sep-solid\" style=\"border-color:#e2e2e2;\"><\/div><div class=\"fusion-post-content-container\"><p>BBC NEWS na srpskom, prilog o radu Prof. Dr.\u00a0Miroslava\u00a0\u0110or\u0111evi\u0107a. Pogledajte i celu emisiju\u00a0<a href=\"https:\/\/www.bbc.com\/serbian\/lat\/srbija-48096941\" target=\"_blank\" rel=\"noopener\">\n<\/a><\/p><\/div><\/div><div class=\"fusion-meta-info\"><div class=\"fusion-alignleft\"><a class=\"fusion-read-more\" href=\"https:\/\/stmedica.com\/en\/bbc-o-dr-djordjevicu\/\" aria-label=\"More on BBC o Dr. \u0110or\u0111evi\u0107u\">Read More<\/a><\/div><\/div><\/div><div class=\"fusion-clearfix\"><\/div><\/div>\n<\/article>\n<article id=\"blog-1-post-172\" class=\"fusion-post-grid post-172 post type-post status-publish format-standard hentry category-st-medica tag-globtroter tag-televizija\">\n<div class=\"fusion-post-wrapper\" style=\"background-color:rgba(255,255,255,1);border:1px solid #f2f3f5;border-bottom-width:3px;\">\n\n<div class=\"fusion-post-content-wrapper\" style=\"padding:30px 25px 25px 25px;\"><div class=\"fusion-post-content post-content\"><h2 class=\"blog-shortcode-post-title entry-title\"><a href=\"https:\/\/stmedica.com\/en\/st-medica-na-globtroter-televiziji\/\">ST Medica na Globtroter televiziji<\/a><\/h2><p class=\"fusion-single-line-meta\"><span class=\"vcard\" style=\"display: none;\"><span class=\"fn\"><a href=\"https:\/\/stmedica.com\/en\/author\/ercegsrdjan93gmail-com\/\" title=\"Posts by ercegsrdjan93@gmail.com\" rel=\"author\">ercegsrdjan93@gmail.com<\/a><\/span><\/span><span class=\"updated\" style=\"display:none;\">2021-09-06T14:58:38+00:00<\/span><span>May 12, 2021<\/span><span class=\"fusion-inline-sep\">|<\/span>Categories: <a href=\"https:\/\/stmedica.com\/en\/category\/st-medica\/\" rel=\"category tag\">ST Medica<\/a><span class=\"fusion-inline-sep\">|<\/span><span class=\"meta-tags\">Tags: <a href=\"https:\/\/stmedica.com\/en\/tag\/globtroter\/\" rel=\"tag\">Globtroter<\/a>, <a href=\"https:\/\/stmedica.com\/en\/tag\/televizija\/\" rel=\"tag\">Televizija<\/a><\/span><span class=\"fusion-inline-sep\">|<\/span><\/p><div class=\"fusion-content-sep sep-single sep-solid\" style=\"border-color:#e2e2e2;\"><\/div><div class=\"fusion-post-content-container\"><p>Putopis kroz Srbiju Laure Aleksandre \u201eSerbia old nad new\u201c za\u00a0<a href=\"http:\/\/globetrottertv.com\/\" target=\"_blank\" rel=\"noopener\">Globtroter televiziju<\/a>\u00a0sa posebnim [\u2026]<\/p>\n<\/div><\/div><div class=\"fusion-meta-info\"><div class=\"fusion-alignleft\"><a class=\"fusion-read-more\" href=\"https:\/\/stmedica.com\/en\/st-medica-na-globtroter-televiziji\/\" aria-label=\"More on ST Medica na Globtroter televiziji\">Read More<\/a><\/div><\/div><\/div><div class=\"fusion-clearfix\"><\/div><\/div>\n<\/article>\n<article id=\"blog-1-post-170\" class=\"fusion-post-grid post-170 post type-post status-publish format-standard hentry category-strucni-tim tag-npo tag-televizija\">\n<div class=\"fusion-post-wrapper\" style=\"background-color:rgba(255,255,255,1);border:1px solid #f2f3f5;border-bottom-width:3px;\">\n\n<div class=\"fusion-post-content-wrapper\" style=\"padding:30px 25px 25px 25px;\"><div class=\"fusion-post-content post-content\"><h2 class=\"blog-shortcode-post-title entry-title\"><a href=\"https:\/\/stmedica.com\/en\/dr-djordjevic-u-dokumentarcu-holandske-televizije\/\">Dr. \u0110or\u0111evi\u0107 u dokumentarcu holandske televizije<\/a><\/h2><p class=\"fusion-single-line-meta\"><span class=\"vcard\" style=\"display: none;\"><span class=\"fn\"><a href=\"https:\/\/stmedica.com\/en\/author\/ercegsrdjan93gmail-com\/\" title=\"Posts by ercegsrdjan93@gmail.com\" rel=\"author\">ercegsrdjan93@gmail.com<\/a><\/span><\/span><span class=\"updated\" style=\"display:none;\">2021-09-06T14:58:57+00:00<\/span><span>May 12, 2021<\/span><span class=\"fusion-inline-sep\">|<\/span>Categories: <a href=\"https:\/\/stmedica.com\/en\/category\/strucni-tim\/\" rel=\"category tag\">Stru\u010dni tim<\/a><span class=\"fusion-inline-sep\">|<\/span><span class=\"meta-tags\">Tags: <a href=\"https:\/\/stmedica.com\/en\/tag\/npo\/\" rel=\"tag\">NPO<\/a>, <a href=\"https:\/\/stmedica.com\/en\/tag\/televizija\/\" rel=\"tag\">Televizija<\/a><\/span><span class=\"fusion-inline-sep\">|<\/span><\/p><div class=\"fusion-content-sep sep-single sep-solid\" style=\"border-color:#e2e2e2;\"><\/div><div class=\"fusion-post-content-container\"><p>Dokumentrani film dr\u017eavne holandske televizije (Nederlandse Publieke Omroep \u2013 NPO) o problemu transrodnih osoba.<\/p>\n<style>.embed-container { [...]\n<\/style><\/div><\/div><div class=\"fusion-meta-info\"><div class=\"fusion-alignleft\"><a class=\"fusion-read-more\" href=\"https:\/\/stmedica.com\/en\/dr-djordjevic-u-dokumentarcu-holandske-televizije\/\" aria-label=\"More on Dr. \u0110or\u0111evi\u0107 u dokumentarcu holandske televizije\">Read More<\/a><\/div><\/div><\/div><div class=\"fusion-clearfix\"><\/div><\/div>\n<\/article>\n<article id=\"blog-1-post-1\" class=\"fusion-post-grid post-1 post type-post status-publish format-standard has-post-thumbnail hentry category-urogenitalna-i-rekonstruktivna-hirurgija tag-prof-dr-miroslav-djordjevic\">\n<div class=\"fusion-post-wrapper\" style=\"background-color:rgba(255,255,255,1);border:1px solid #f2f3f5;border-bottom-width:3px;\">\n\n\t\t\t<div class=\"fusion-flexslider flexslider fusion-flexslider-loading fusion-post-slideshow\" style=\"border-color:#f2f3f5;\">\n\t\t<ul class=\"slides\">\n\t\t\t\n\t\t\t\t\t\t\t\t\t\t\t\t\t\t<li><div  class=\"fusion-image-wrapper\" aria-haspopup=\"true\">\n\t\t\t\t  <img decoding=\"async\" width=\"900\" height=\"507\" src=\"https:\/\/stmedica.com\/wp-content\/uploads\/2021\/05\/Centar-za-urogenitalnu-i-rekonstruktivnu-hirurgiju.jpg\" class=\"attachment-full size-full wp-post-image\" alt=\"\" srcset=\"https:\/\/stmedica.com\/wp-content\/uploads\/2021\/05\/Centar-za-urogenitalnu-i-rekonstruktivnu-hirurgiju-200x113.jpg 200w, https:\/\/stmedica.com\/wp-content\/uploads\/2021\/05\/Centar-za-urogenitalnu-i-rekonstruktivnu-hirurgiju-400x225.jpg 400w, https:\/\/stmedica.com\/wp-content\/uploads\/2021\/05\/Centar-za-urogenitalnu-i-rekonstruktivnu-hirurgiju-600x338.jpg 600w, https:\/\/stmedica.com\/wp-content\/uploads\/2021\/05\/Centar-za-urogenitalnu-i-rekonstruktivnu-hirurgiju-800x451.jpg 800w, https:\/\/stmedica.com\/wp-content\/uploads\/2021\/05\/Centar-za-urogenitalnu-i-rekonstruktivnu-hirurgiju.jpg 900w\" sizes=\"(min-width: 2200px) 100vw, (min-width: 794px) 613px, (min-width: 717px) 794px, (min-width: 640px) 717px, \" \/><div class=\"fusion-rollover\">\n\t<div class=\"fusion-rollover-content\">\n\n\t\t\t\t\t\t\t\t\t\t\t\t\t\t<a class=\"fusion-rollover-link\" href=\"https:\/\/stmedica.com\/en\/centar-za-urogenitalnu-i-rekonstruktivnu-hirurgiju\/\">Centar za urogenitalnu i rekonstruktivnu hirurgiju<\/a>\n\t\t\t\n\t\t\t\t\t\t\t\t\t\t\t\t\t\t\n\t\t\t\t\t\t\t\t\n\t\t\t\t\t\t\t\t\t\t\t\t\t<div class=\"fusion-rollover-sep\"><\/div>\n\t\t\t\t\n\t\t\t\t\t\t\t\t\t\t\t\t\t\t\t\t\t\t<a class=\"fusion-rollover-gallery\" href=\"https:\/\/stmedica.com\/wp-content\/uploads\/2021\/05\/Centar-za-urogenitalnu-i-rekonstruktivnu-hirurgiju.jpg\" data-id=\"1\" data-rel=\"iLightbox[gallery]\" data-title=\"Centar za urogenitalnu i rekonstruktivnu hirurgiju\" data-caption=\"\">\n\t\t\t\t\t\tGallery\t\t\t\t\t<\/a>\n\t\t\t\t\t\t\t\t\t\t\t\t\t\t\n\t\t\n\t\t\t\t\t\t\t\t\t\t\t\t<h4 class=\"fusion-rollover-title\">\n\t\t\t\t\t<a class=\"fusion-rollover-title-link\" href=\"https:\/\/stmedica.com\/en\/centar-za-urogenitalnu-i-rekonstruktivnu-hirurgiju\/\">\n\t\t\t\t\t\tCentar za urogenitalnu i rekonstruktivnu hirurgiju\t\t\t\t\t<\/a>\n\t\t\t\t<\/h4>\n\t\t\t\n\t\t\t\t\t\t\t\t\t\t<div class=\"fusion-rollover-categories\"><a href=\"https:\/\/stmedica.com\/en\/category\/urogenitalna-i-rekonstruktivna-hirurgija\/\" rel=\"tag\">Urogenitalna i rekonstruktivna hirurgija<\/a><\/div>\t\t\t\t\t\n\t\t\n\t\t\t\t\t\t<a class=\"fusion-link-wrapper\" href=\"https:\/\/stmedica.com\/en\/centar-za-urogenitalnu-i-rekonstruktivnu-hirurgiju\/\" aria-label=\"Centar za urogenitalnu i rekonstruktivnu hirurgiju\"><\/a>\n\t<\/div>\n<\/div>\n<\/div>\n<\/li>\n\t\t\t\n\t\t\t\n\t\t\t\t\t\t\t\t\t\t\t\t\t\t\t\t\t\t\t\t\t\t\t\t\t\t\t\t\t\t\t\t\t\t\t\t\t\t\t\t\t\t\t\t\t\t\t\t\t\t\t\t\t\t\t\t\t\t\t\t\t\t\t\t\t\t\t\t<\/ul>\n\t<\/div>\n\t<div class=\"fusion-post-content-wrapper\" style=\"padding:30px 25px 25px 25px;\"><div class=\"fusion-post-content post-content\"><h2 class=\"blog-shortcode-post-title entry-title\"><a href=\"https:\/\/stmedica.com\/en\/centar-za-urogenitalnu-i-rekonstruktivnu-hirurgiju\/\">Centar za urogenitalnu i rekonstruktivnu hirurgiju<\/a><\/h2><p class=\"fusion-single-line-meta\"><span class=\"vcard\" style=\"display: none;\"><span class=\"fn\"><a href=\"https:\/\/stmedica.com\/en\/author\/ercegsrdjan93gmail-com\/\" title=\"Posts by ercegsrdjan93@gmail.com\" rel=\"author\">ercegsrdjan93@gmail.com<\/a><\/span><\/span><span class=\"updated\" style=\"display:none;\">2021-09-06T14:58:27+00:00<\/span><span>May 11, 2021<\/span><span class=\"fusion-inline-sep\">|<\/span>Categories: <a href=\"https:\/\/stmedica.com\/en\/category\/urogenitalna-i-rekonstruktivna-hirurgija\/\" rel=\"category tag\">Urogenitalna i rekonstruktivna hirurgija<\/a><span class=\"fusion-inline-sep\">|<\/span><span class=\"meta-tags\">Tags: <a href=\"https:\/\/stmedica.com\/en\/tag\/prof-dr-miroslav-djordjevic\/\" rel=\"tag\">Prof. dr Miroslav \u0110or\u0111evi\u0107<\/a><\/span><span class=\"fusion-inline-sep\">|<\/span><\/p><div class=\"fusion-content-sep sep-single sep-solid\" style=\"border-color:#e2e2e2;\"><\/div><div class=\"fusion-post-content-container\"><p><strong>Da li bismo mogli da budemo vi\u0161e ponosni, jer zahvaljuju\u0107i Prof. dr Miroslavu \u0110or\u0111evi\u0107u, iz [\u2026]<\/strong><\/p>\n<\/div><\/div><div class=\"fusion-meta-info\"><div class=\"fusion-alignleft\"><a class=\"fusion-read-more\" href=\"https:\/\/stmedica.com\/en\/centar-za-urogenitalnu-i-rekonstruktivnu-hirurgiju\/\" aria-label=\"More on Centar za urogenitalnu i rekonstruktivnu hirurgiju\">Read More<\/a><\/div><\/div><\/div><div class=\"fusion-clearfix\"><\/div><\/div>\n<\/article>\n<div class=\"fusion-clearfix\"><\/div><\/div><\/div><\/div><style type=\"text\/css\">.fusion-body .fusion-builder-column-1{width:100% !important;margin-top : 20px;margin-bottom : 20px;}.fusion-builder-column-1 > .fusion-column-wrapper {padding-top : 0px !important;padding-right : 0px !important;margin-right : 1.92%;padding-bottom : 0px !important;padding-left : 0px !important;margin-left : 1.92%;}@media only screen and (max-width:1024px) {.fusion-body .fusion-builder-column-1{width:100% !important;order : 0;}.fusion-builder-column-1 > .fusion-column-wrapper {margin-right : 1.92%;margin-left : 1.92%;}}@media only screen and (max-width:640px) {.fusion-body .fusion-builder-column-1{width:100% !important;order : 0;}.fusion-builder-column-1 > .fusion-column-wrapper {margin-right : 1.92%;margin-left : 1.92%;}}<\/style><\/div><div class=\"fusion-layout-column fusion_builder_column fusion-builder-column-2 fusion_builder_column_1_1 1_1 fusion-flex-column\"><div class=\"fusion-column-wrapper fusion-flex-justify-content-flex-start fusion-content-layout-column\" style=\"background-position:left top;background-repeat:no-repeat;-webkit-background-size:cover;-moz-background-size:cover;-o-background-size:cover;background-size:cover;padding: 0px 0px 0px 0px;\"><\/div><style type=\"text\/css\">.fusion-body .fusion-builder-column-2{width:100% !important;margin-top : 0px;margin-bottom : 20px;}.fusion-builder-column-2 > .fusion-column-wrapper {padding-top : 0px !important;padding-right : 0px !important;margin-right : 1.92%;padding-bottom : 0px !important;padding-left : 0px !important;margin-left : 1.92%;}@media only screen and (max-width:1024px) {.fusion-body .fusion-builder-column-2{width:100% !important;order : 0;}.fusion-builder-column-2 > .fusion-column-wrapper {margin-right : 1.92%;margin-left : 1.92%;}}@media only screen and (max-width:640px) {.fusion-body .fusion-builder-column-2{width:100% !important;order : 0;}.fusion-builder-column-2 > .fusion-column-wrapper {margin-right : 1.92%;margin-left : 1.92%;}}<\/style><\/div><\/div><style type=\"text\/css\">.fusion-body .fusion-flex-container.fusion-builder-row-2{ padding-top : 6%;margin-top : 0px;padding-right : 30px;padding-bottom : 6%;margin-bottom : 0px;padding-left : 30px;}@media only screen and (max-width:640px) {.fusion-body .fusion-flex-container.fusion-builder-row-2{ padding-top : 12%;padding-bottom : 12%;}}<\/style><\/div><\/p>","protected":false},"excerpt":{"rendered":"","protected":false},"author":1,"featured_media":0,"parent":337,"menu_order":0,"comment_status":"closed","ping_status":"closed","template":"100-width.php","meta":{"inline_featured_image":false,"footnotes":""},"class_list":["post-42","page","type-page","status-publish","hentry"],"_links":{"self":[{"href":"https:\/\/stmedica.com\/en\/wp-json\/wp\/v2\/pages\/42","targetHints":{"allow":["GET"]}}],"collection":[{"href":"https:\/\/stmedica.com\/en\/wp-json\/wp\/v2\/pages"}],"about":[{"href":"https:\/\/stmedica.com\/en\/wp-json\/wp\/v2\/types\/page"}],"author":[{"embeddable":true,"href":"https:\/\/stmedica.com\/en\/wp-json\/wp\/v2\/users\/1"}],"replies":[{"embeddable":true,"href":"https:\/\/stmedica.com\/en\/wp-json\/wp\/v2\/comments?post=42"}],"version-history":[{"count":4,"href":"https:\/\/stmedica.com\/en\/wp-json\/wp\/v2\/pages\/42\/revisions"}],"predecessor-version":[{"id":466,"href":"https:\/\/stmedica.com\/en\/wp-json\/wp\/v2\/pages\/42\/revisions\/466"}],"up":[{"embeddable":true,"href":"https:\/\/stmedica.com\/en\/wp-json\/wp\/v2\/pages\/337"}],"wp:attachment":[{"href":"https:\/\/stmedica.com\/en\/wp-json\/wp\/v2\/media?parent=42"}],"curies":[{"name":"wp","href":"https:\/\/api.w.org\/{rel}","templated":true}]}}