{"id":668,"date":"2021-09-28T14:41:24","date_gmt":"2021-09-28T14:41:24","guid":{"rendered":"http:\/\/stmedica.com\/?page_id=668"},"modified":"2021-09-29T09:05:00","modified_gmt":"2021-09-29T09:05:00","slug":"psihijatrija","status":"publish","type":"page","link":"https:\/\/stmedica.com\/en\/psihijatrija\/","title":{"rendered":"Psihijatrija"},"content":{"rendered":"<p><div class=\"fusion-fullwidth fullwidth-box fusion-builder-row-1 fusion-flex-container fusion-parallax-none hundred-percent-fullwidth non-hundred-percent-height-scrolling\" style=\"background-color: rgba(255,255,255,0);background-image: url(&quot;http:\/\/stmedica.com\/wp-content\/uploads\/2021\/05\/pexels-thirdman.jpg&quot;);background-image:linear-gradient(180deg, rgba(255,255,255,0.8) 0%,rgba(255,255,255,0.8) 100%),url(http:\/\/stmedica.com\/wp-content\/uploads\/2021\/05\/pexels-thirdman.jpg);background-position: center center;background-repeat: no-repeat;border-width: 0px 0px 0px 0px;border-color:#e2e2e2;border-style:solid;-webkit-background-size:cover;-moz-background-size:cover;-o-background-size:cover;background-size:cover;\" ><div class=\"fusion-builder-row fusion-row fusion-flex-align-items-center fusion-flex-justify-content-center\" style=\"width:104% !important;max-width:104% !important;margin-left: calc(-4% \/ 2 );margin-right: calc(-4% \/ 2 );\"><div class=\"fusion-layout-column fusion_builder_column fusion-builder-column-0 fusion_builder_column_2_3 2_3 fusion-flex-column\"><div class=\"fusion-column-wrapper fusion-flex-justify-content-flex-start fusion-content-layout-column\" style=\"background-position:center center;background-repeat:no-repeat;-webkit-background-size:cover;-moz-background-size:cover;-o-background-size:cover;background-size:cover;padding: 0px 0px 0px 0px;\"><style type=\"text\/css\">.fusion-breadcrumbs.fusion-breadcrumbs-1{font-size:14px;}.fusion-breadcrumbs.fusion-breadcrumbs-1 span a:hover{color:#d93295 !important;}.fusion-breadcrumbs.fusion-breadcrumbs-1{color:#555555;}.fusion-breadcrumbs.fusion-breadcrumbs-1 a{color:#555555;}<\/style><div class=\"fusion-breadcrumbs fusion-breadcrumbs-1\" style=\"margin-bottom:20px;text-align:center;\"><span class=\"fusion-breadcrumb-item\"><a href=\"https:\/\/stmedica.com\/en\" class=\"fusion-breadcrumb-link\"><span >Home<\/span><\/a><\/span><span class=\"fusion-breadcrumb-sep\">|<\/span><\/div><div class=\"fusion-text fusion-text-1\" style=\"text-align:center;\"><h1 data-fontsize=\"54\" data-lineheight=\"62.64px\" class=\"fusion-responsive-typography-calculated\" style=\"--fontSize:54; line-height: 1.16;\">Psihijatrija<\/h1>\n<\/div><\/div><style type=\"text\/css\">.fusion-body .fusion-builder-column-0{width:66.666666666667% !important;margin-top : 0px;margin-bottom : 0px;}.fusion-builder-column-0 > .fusion-column-wrapper {padding-top : 0px !important;padding-right : 0px !important;margin-right : 0px;padding-bottom : 0px !important;padding-left : 0px !important;margin-left : 0px;}@media only screen and (max-width:1024px) {.fusion-body .fusion-builder-column-0{width:66.666666666667% !important;order : 0;}.fusion-builder-column-0 > .fusion-column-wrapper {margin-right : 0px;margin-left : 0px;}}@media only screen and (max-width:640px) {.fusion-body .fusion-builder-column-0{width:100% !important;order : 0;}.fusion-builder-column-0 > .fusion-column-wrapper {margin-right : 1.92%;margin-left : 1.92%;}}<\/style><\/div><\/div><style type=\"text\/css\">.fusion-body .fusion-flex-container.fusion-builder-row-1{ padding-top : 6%;margin-top : 0px;padding-right : 30px;padding-bottom : 6%;margin-bottom : 0px;padding-left : 30px;min-height:130px;}<\/style><\/div><div class=\"fusion-fullwidth fullwidth-box fusion-builder-row-2 fusion-flex-container nonhundred-percent-fullwidth non-hundred-percent-height-scrolling\" style=\"background-color: rgba(255,255,255,0);background-position: center center;background-repeat: no-repeat;border-width: 0px 0px 0px 0px;border-color:#e2e2e2;border-style:solid;\" ><div class=\"fusion-builder-row fusion-row fusion-flex-align-items-center\" style=\"max-width:104%;margin-left: calc(-4% \/ 2 );margin-right: calc(-4% \/ 2 );\"><div class=\"fusion-layout-column fusion_builder_column fusion-builder-column-1 fusion_builder_column_2_3 2_3 fusion-flex-column\"><div class=\"fusion-column-wrapper fusion-flex-justify-content-flex-start fusion-content-layout-column\" style=\"background-position:left top;background-repeat:no-repeat;-webkit-background-size:cover;-moz-background-size:cover;-o-background-size:cover;background-size:cover;padding: 0px 0px 0px 0px;\"><div class=\"fusion-text fusion-text-2\" style=\"text-align:left;color:#d93295;\"><p><strong>Bolnica ST Medica<\/strong><\/p>\n<\/div><div class=\"fusion-text fusion-text-3\" style=\"font-size:22px;font-family:&quot;Poppins&quot;;\"><p>Medicinska tranzicija, odnosno prilago\u0111avanje biolo\u0161kog pola rodnom identitetu, odvija se kroz tri faze: psihijatrijsku, endokrinolo\u0161ku i hirur\u0161ku.<\/p>\n<\/div><div class=\"fusion-text fusion-text-4\" style=\"text-align:left;\"><p>Psihijatri su stru\u010dnj\u0430ci z\u0430 ment\u0430lno zdr\u0430vlje i pru\u017eaju psiholo\u0161ku, psihoterapijsku i medikamentoznu podr\u0161ku trans osobama i njihovim porodic\u0430m\u0430. Njihov zadatak jeste d\u0430 utvrde r\u0430zloge zbog kojih osoba tr\u0430\u017ei medicinsku pomo\u0107, pomognu osobi da istr\u0430\u017ei svoj rodni identitet i izra\u017eavanje a mogu pru\u017eiti savete kako da se olak\u0161a proces autovanja. Oni su tu da izvr\u0161e procenu i upu\u0107iv\u0430nje n\u0430 medicinske intervencije u procesu prilago\u0111avanja pola, kao i da pru\u017ee psiholo\u0161ku podr\u0161ku \u010dl\u0430novima porodice trans osobe (p\u0430rtnerima, deci, \u0161iroj porodici).<\/p>\n<\/div><div class=\"fusion-text fusion-text-5\" style=\"text-align:left;\"><p>U bolnici ST Medica u okviru pru\u017eanja psihijatrijske podr\u0161ke transrodnim osobama spadaju usluge:<\/p>\n<\/p>\n<ul>\n<li>Psihijatrijsko-psiholo\u0161ka procena podobnosti i spremnosti osoba sa rodnom disforijom za zapo\u010dinjanje hormonskog i hirur\u0161kog tretmana rodno-polnog uskla\u0111ivanja (sa\u010dinjavanje pisama preporuke)<\/li>\n<li>Procena, psihijatrijski i psihoterapijski tretman transrodnih osoba<\/li>\n<li>Psihofarmakolo\u0161ki i psihoterapijski tretman osoba sa rodnom disforijom , rad sa \u010dlanovima porodice<\/li>\n<li>Konsultativni psihijatrijski pregledi  i psihofarmakolo\u0161ki tretman u okviru op\u0161te psihijatrijske fenomenologije<\/li>\n<li>Psihoterapijski rad (primena REBT tehnika)<\/li>\n<\/ul>\n<\/div><\/div><style type=\"text\/css\">.fusion-body .fusion-builder-column-1{width:66.666666666667% !important;margin-top : 0px;margin-bottom : 20px;}.fusion-builder-column-1 > .fusion-column-wrapper {padding-top : 0px !important;padding-right : 0px !important;margin-right : 2.88%;padding-bottom : 0px !important;padding-left : 0px !important;margin-left : 2.88%;}@media only screen and (max-width:1024px) {.fusion-body .fusion-builder-column-1{width:66.666666666667% !important;order : 0;}.fusion-builder-column-1 > .fusion-column-wrapper {margin-right : 2.88%;margin-left : 2.88%;}}@media only screen and (max-width:640px) {.fusion-body .fusion-builder-column-1{width:100% !important;order : 0;}.fusion-builder-column-1 > .fusion-column-wrapper {margin-right : 1.92%;margin-left : 1.92%;}}<\/style><\/div><div class=\"fusion-layout-column fusion_builder_column fusion-builder-column-2 fusion_builder_column_1_3 1_3 fusion-flex-column fusion-flex-align-self-stretch\"><div class=\"fusion-column-wrapper fusion-flex-justify-content-flex-start fusion-content-layout-column fusion-empty-dims-bg-image\" style=\"background-image: url(&#039;http:\/\/stmedica.com\/wp-content\/uploads\/2021\/05\/pexels-thirdman.jpg&#039;);background-position:center center;background-repeat:no-repeat;-webkit-background-size:cover;-moz-background-size:cover;-o-background-size:cover;background-size:cover;padding: 0px 0px 0px 0px;\" data-bg-url=\"http:\/\/stmedica.com\/wp-content\/uploads\/2021\/05\/pexels-thirdman.jpg\"><div class=\"fusion-separator fusion-full-width-sep\" style=\"align-self: center;margin-left: auto;margin-right: auto;margin-top:100%;width:100%;\"><\/div><\/div><style type=\"text\/css\">.fusion-body .fusion-builder-column-2{width:33.333333333333% !important;margin-top : 0px;margin-bottom : 20px;}.fusion-builder-column-2 > .fusion-column-wrapper {padding-top : 0px !important;padding-right : 0px !important;margin-right : 5.76%;padding-bottom : 0px !important;padding-left : 0px !important;margin-left : 5.76%;}@media only screen and (max-width:1024px) {.fusion-body .fusion-builder-column-2{width:33.333333333333% !important;order : 0;}.fusion-builder-column-2 > .fusion-column-wrapper {margin-right : 5.76%;margin-left : 5.76%;}}@media only screen and (min-width:1024px) {.fusion-body .fusion-builder-column-2 .fusion-empty-dims-img-placeholder { display: none; }}@media only screen and (max-width:640px) {.fusion-body .fusion-builder-column-2{width:100% !important;order : 0;}.fusion-builder-column-2 > .fusion-column-wrapper {margin-right : 1.92%;margin-left : 1.92%;}}<\/style><\/div><\/div><style type=\"text\/css\">.fusion-body .fusion-flex-container.fusion-builder-row-2{ padding-top : 6%;margin-top : 0px;padding-right : 30px;padding-bottom : 6%;margin-bottom : 0px;padding-left : 30px;}@media only screen and (max-width:640px) {.fusion-body .fusion-flex-container.fusion-builder-row-2{ padding-top : 12%;padding-bottom : 12%;}}<\/style><\/div><div class=\"fusion-fullwidth fullwidth-box fusion-builder-row-3 fusion-flex-container nonhundred-percent-fullwidth non-hundred-percent-height-scrolling\" style=\"background-color: rgba(255,255,255,0);background-image:linear-gradient(180deg, #d93295 0%,#d93295 100%);background-position: center center;background-repeat: no-repeat;border-width: 0px 0px 0px 0px;border-color:#e2e2e2;border-style:solid;\" ><div class=\"fusion-builder-row fusion-row fusion-flex-align-items-stretch\" style=\"max-width:104%;margin-left: calc(-4% \/ 2 );margin-right: calc(-4% \/ 2 );\"><div class=\"fusion-layout-column fusion_builder_column fusion-builder-column-3 fusion_builder_column_1_1 1_1 fusion-flex-column\"><div class=\"fusion-column-wrapper fusion-flex-justify-content-flex-start fusion-content-layout-column\" style=\"background-position:left top;background-repeat:no-repeat;-webkit-background-size:cover;-moz-background-size:cover;-o-background-size:cover;background-size:cover;padding: 0px 0px 0px 0px;\"><div class=\"fusion-text fusion-text-6\" style=\"text-align:center;font-size:22px;color:#ffffff;font-family:&quot;Poppins&quot;;\"><p>Bolnica ST Medica svojim pacijentima stavlja na raspolaganje samo najbolje. Posve\u0107enim radom, bogatim iskustvom i vrhunskim rezultatima pru\u017eamo na\u0161im pacijentima ose\u0107aj punog poverenja i zadovoljstva izvr\u0161enim uslugama.<\/p>\n<\/div><\/div><style type=\"text\/css\">.fusion-body .fusion-builder-column-3{width:100% !important;margin-top : 0px;margin-bottom : 20px;}.fusion-builder-column-3 > .fusion-column-wrapper {padding-top : 0px !important;padding-right : 0px !important;margin-right : 1.92%;padding-bottom : 0px !important;padding-left : 0px !important;margin-left : 1.92%;}@media only screen and (max-width:1024px) {.fusion-body .fusion-builder-column-3{width:100% !important;order : 0;}.fusion-builder-column-3 > .fusion-column-wrapper {margin-right : 1.92%;margin-left : 1.92%;}}@media only screen and (max-width:640px) {.fusion-body .fusion-builder-column-3{width:100% !important;order : 0;}.fusion-builder-column-3 > .fusion-column-wrapper {margin-right : 1.92%;margin-left : 1.92%;}}<\/style><\/div><\/div><style type=\"text\/css\">.fusion-body .fusion-flex-container.fusion-builder-row-3{ padding-top : 3%;margin-top : 0px;padding-right : 30px;padding-bottom : 1%;margin-bottom : 0px;padding-left : 30px;}@media only screen and (max-width:640px) {.fusion-body .fusion-flex-container.fusion-builder-row-3{ padding-top : 12%;padding-bottom : 12%;}}<\/style><\/div><div class=\"fusion-fullwidth fullwidth-box fusion-builder-row-4 fusion-flex-container nonhundred-percent-fullwidth non-hundred-percent-height-scrolling\" style=\"background-color: #f8f8fa;background-position: center center;background-repeat: no-repeat;border-width: 0px 0px 0px 0px;border-color:#e2e2e2;border-style:solid;\" ><div class=\"fusion-builder-row fusion-row fusion-flex-align-items-flex-start fusion-flex-justify-content-center\" style=\"max-width:104%;margin-left: calc(-4% \/ 2 );margin-right: calc(-4% \/ 2 );\"><div class=\"fusion-layout-column fusion_builder_column fusion-builder-column-4 fusion_builder_column_1_1 1_1 fusion-flex-column\"><div class=\"fusion-column-wrapper fusion-flex-justify-content-flex-start fusion-content-layout-column\" style=\"background-position:left top;background-repeat:no-repeat;-webkit-background-size:cover;-moz-background-size:cover;-o-background-size:cover;background-size:cover;padding: 0px 0px 0px 0px;\"><div class=\"fusion-text fusion-text-7 fusion-text-no-margin\" style=\"text-align:center;color:#d93295;\"><p><b>SPECIJALISTI <u>PSIHIJATRIJE <\/u><\/b><\/p>\n<\/div><style type=\"text\/css\">@media only screen and (max-width:1024px) {.fusion-title.fusion-title-1{margin-top:5%!important; margin-right:0px!important;margin-bottom:10%!important;margin-left:0px!important;}}@media only screen and (max-width:640px) {.fusion-title.fusion-title-1{margin-top:10px!important; margin-right:0px!important;margin-bottom:10px!important; margin-left:0px!important;}}<\/style><div class=\"fusion-title title fusion-title-1 fusion-sep-none fusion-title-center fusion-title-text fusion-title-size-two\" style=\"margin-top:5%;margin-right:0px;margin-bottom:10%;margin-left:0px;\"><h2 class=\"title-heading-center fusion-responsive-typography-calculated\" style=\"margin:0;--fontSize:48;line-height:1.2;\">Stru\u010dni tim<\/h2><\/div><\/div><style type=\"text\/css\">.fusion-body .fusion-builder-column-4{width:100% !important;margin-top : 0px;margin-bottom : 20px;}.fusion-builder-column-4 > .fusion-column-wrapper {padding-top : 0px !important;padding-right : 0px !important;margin-right : 1.92%;padding-bottom : 0px !important;padding-left : 0px !important;margin-left : 1.92%;}@media only screen and (max-width:1024px) {.fusion-body .fusion-builder-column-4{width:100% !important;order : 0;}.fusion-builder-column-4 > .fusion-column-wrapper {margin-right : 1.92%;margin-left : 1.92%;}}@media only screen and (max-width:640px) {.fusion-body .fusion-builder-column-4{width:100% !important;order : 0;}.fusion-builder-column-4 > .fusion-column-wrapper {margin-right : 1.92%;margin-left : 1.92%;}}<\/style><\/div><div class=\"fusion-layout-column fusion_builder_column fusion-builder-column-5 fusion_builder_column_1_2 1_2 fusion-flex-column fusion-flex-align-self-stretch\"><div class=\"fusion-column-wrapper fusion-column-has-shadow fusion-flex-justify-content-flex-start fusion-content-layout-column\" style=\"background-position:left top;background-repeat:no-repeat;-webkit-background-size:cover;-moz-background-size:cover;-o-background-size:cover;background-size:cover;border-radius:20px 20px 20px 20px;background-color:#ffffff;border-radius:20px 20px 20px 20px;overflow:hidden;box-shadow:2px 2px 10px 0px #dbdbdb;;padding: 30px 30px 30px 30px;\"><div class=\"fusion-builder-row fusion-builder-row-inner fusion-row fusion-flex-align-items-flex-start fusion-flex-justify-content-center\" style=\"width:104% !important;max-width:104% !important;margin-left: calc(-4% \/ 2 );margin-right: calc(-4% \/ 2 );\"><div class=\"fusion-layout-column fusion_builder_column_inner fusion-builder-nested-column-0 fusion_builder_column_inner_2_5 2_5 fusion-flex-column\"><div class=\"fusion-column-wrapper fusion-flex-justify-content-flex-start fusion-content-layout-column\" style=\"background-position:left top;background-repeat:no-repeat;-webkit-background-size:cover;-moz-background-size:cover;-o-background-size:cover;background-size:cover;padding: 0px 0px 0px 0px;\"><div ><span class=\"fusion-imageframe imageframe-none imageframe-1 hover-type-none\"><img decoding=\"async\" width=\"600\" height=\"600\" title=\"Dragana-Duisin\" src=\"http:\/\/stmedica.com\/wp-content\/uploads\/2021\/09\/Dragana-Duisin.jpg\" class=\"img-responsive wp-image-592\" srcset=\"https:\/\/stmedica.com\/wp-content\/uploads\/2021\/09\/Dragana-Duisin-200x200.jpg 200w, https:\/\/stmedica.com\/wp-content\/uploads\/2021\/09\/Dragana-Duisin-400x400.jpg 400w, https:\/\/stmedica.com\/wp-content\/uploads\/2021\/09\/Dragana-Duisin.jpg 600w\" sizes=\"(max-width: 640px) 100vw, 600px\" \/><\/span><\/div><\/div><style type=\"text\/css\">.fusion-body .fusion-builder-nested-column-0{width:40% !important;margin-top : 0px;margin-bottom : 20px;}.fusion-builder-nested-column-0 > .fusion-column-wrapper {padding-top : 0px !important;padding-right : 0px !important;margin-right : 4.8%;padding-bottom : 0px !important;padding-left : 0px !important;margin-left : 4.8%;}@media only screen and (max-width:1024px) {.fusion-body .fusion-builder-nested-column-0{width:40% !important;order : 0;}.fusion-builder-nested-column-0 > .fusion-column-wrapper {margin-right : 4.8%;margin-left : 4.8%;}}@media only screen and (max-width:640px) {.fusion-body .fusion-builder-nested-column-0{width:100% !important;order : 0;}.fusion-builder-nested-column-0 > .fusion-column-wrapper {margin-right : 1.92%;margin-left : 1.92%;}}<\/style><\/div><div class=\"fusion-layout-column fusion_builder_column_inner fusion-builder-nested-column-1 fusion_builder_column_inner_3_5 3_5 fusion-flex-column fusion-flex-align-self-center\"><div class=\"fusion-column-wrapper fusion-flex-justify-content-center fusion-content-layout-block\" style=\"background-position:left top;background-repeat:no-repeat;-webkit-background-size:cover;-moz-background-size:cover;-o-background-size:cover;background-size:cover;padding: 0px 0px 0px 0px;\"><style type=\"text\/css\"><\/style><div class=\"fusion-title title fusion-title-2 fusion-sep-none fusion-title-text fusion-title-size-three\" style=\"margin-top:5%;margin-right:0px;margin-bottom:10%;margin-left:0px;\"><h3 class=\"title-heading-left fusion-responsive-typography-calculated\" style=\"margin:0;color:#d93295;--fontSize:24;line-height:1.2;\">Dr Dragana Dui\u0161in<\/h3><\/div><div class=\"fusion-separator fusion-full-width-sep\" style=\"align-self: center;margin-left: auto;margin-right: auto;margin-top:10px;margin-bottom:20px;width:100%;\"><div class=\"fusion-separator-border sep-single sep-solid\" style=\"border-color:#e2e2e2;border-top-width:1px;\"><\/div><\/div><div class=\"fusion-text fusion-text-8\" style=\"text-align:left;\"><p>Specijalista psihijatrije <\/p>\n<\/div><a class=\"fb-icon-element-1 fb-icon-element fontawesome-icon fa-file-alt fas circle-yes fusion-text-flow fusion-link\" style=\"font-size:17.6px;line-height:35.2px;height:35.2px;width:35.2px;border-width:0px;margin-right:10px;\" href=\"http:\/\/stmedica.com\/wp-content\/uploads\/2021\/09\/Biografija-Dragana-Duisin.pdf\" aria-label=\"Link to http:\/\/stmedica.com\/wp-content\/uploads\/2021\/09\/Biografija-Dragana-Duisin.pdf\" target=\"_blank\" rel=\"noopener noreferrer\"><\/a><style>a.fb-icon-element.fontawesome-icon.fb-icon-element-1{ color: #ffffff; background-color: #d93295; border-color: #4a4e57;}a.fb-icon-element.fontawesome-icon.fb-icon-element-1:hover { color: #ffffff; background-color: #d93295; border-color: #e10707;}<\/style><\/div><style type=\"text\/css\">.fusion-body .fusion-builder-nested-column-1{width:60% !important;margin-top : 0px;margin-bottom : 20px;}.fusion-builder-nested-column-1 > .fusion-column-wrapper {padding-top : 0px !important;padding-right : 0px !important;margin-right : 3.2%;padding-bottom : 0px !important;padding-left : 0px !important;margin-left : 3.2%;}@media only screen and (max-width:1024px) {.fusion-body .fusion-builder-nested-column-1{width:60% !important;order : 0;}.fusion-builder-nested-column-1 > .fusion-column-wrapper {margin-right : 3.2%;margin-left : 3.2%;}}@media only screen and (max-width:640px) {.fusion-body .fusion-builder-nested-column-1{width:100% !important;order : 0;}.fusion-builder-nested-column-1 > .fusion-column-wrapper {margin-right : 1.92%;margin-left : 1.92%;}}<\/style><\/div><\/div><div class=\"fusion-text fusion-text-9\"><p>Vi\u0161edecenijsko iskustvo u domenu klini\u010dke psihijatrije, klini\u010dki i nau\u010dni rad u okviru multidisciplinarnog tima za transrodna stanja, samo su deo bogate biografije dr Dui\u0161in koja je dugi niz godina deo tima bolnice ST medica. <\/p>\n<\/div><\/div><style type=\"text\/css\">.fusion-body .fusion-builder-column-5{width:50% !important;margin-top : 10px;margin-bottom : 10px;}.fusion-builder-column-5 > .fusion-column-wrapper {padding-top : 30px !important;padding-right : 30px !important;margin-right : 10px;padding-bottom : 30px !important;padding-left : 30px !important;margin-left : 10px;}@media only screen and (max-width:1024px) {.fusion-body .fusion-builder-column-5{width:50% !important;order : 0;}.fusion-builder-column-5 > .fusion-column-wrapper {margin-right : 10px;margin-left : 10px;}}@media only screen and (max-width:640px) {.fusion-body .fusion-builder-column-5{width:100% !important;order : 0;}.fusion-builder-column-5 > .fusion-column-wrapper {margin-right : 1.92%;margin-left : 1.92%;}}<\/style><\/div><\/div><style type=\"text\/css\">.fusion-body .fusion-flex-container.fusion-builder-row-4{ padding-top : 6%;margin-top : 0px;padding-right : 30px;padding-bottom : 6%;margin-bottom : 0px;padding-left : 30px;}@media only screen and (max-width:640px) {.fusion-body .fusion-flex-container.fusion-builder-row-4{ padding-top : 12%;padding-bottom : 12%;}}<\/style><\/div><\/p>","protected":false},"excerpt":{"rendered":"","protected":false},"author":1,"featured_media":0,"parent":0,"menu_order":0,"comment_status":"closed","ping_status":"closed","template":"100-width.php","meta":{"inline_featured_image":false,"footnotes":""},"class_list":["post-668","page","type-page","status-publish","hentry"],"_links":{"self":[{"href":"https:\/\/stmedica.com\/en\/wp-json\/wp\/v2\/pages\/668","targetHints":{"allow":["GET"]}}],"collection":[{"href":"https:\/\/stmedica.com\/en\/wp-json\/wp\/v2\/pages"}],"about":[{"href":"https:\/\/stmedica.com\/en\/wp-json\/wp\/v2\/types\/page"}],"author":[{"embeddable":true,"href":"https:\/\/stmedica.com\/en\/wp-json\/wp\/v2\/users\/1"}],"replies":[{"embeddable":true,"href":"https:\/\/stmedica.com\/en\/wp-json\/wp\/v2\/comments?post=668"}],"version-history":[{"count":9,"href":"https:\/\/stmedica.com\/en\/wp-json\/wp\/v2\/pages\/668\/revisions"}],"predecessor-version":[{"id":694,"href":"https:\/\/stmedica.com\/en\/wp-json\/wp\/v2\/pages\/668\/revisions\/694"}],"wp:attachment":[{"href":"https:\/\/stmedica.com\/en\/wp-json\/wp\/v2\/media?parent=668"}],"curies":[{"name":"wp","href":"https:\/\/api.w.org\/{rel}","templated":true}]}}